{"id":2475,"date":"2015-10-22T08:08:35","date_gmt":"2015-10-22T08:08:35","guid":{"rendered":"http:\/\/trlegal.me\/me\/home\/"},"modified":"2016-12-01T09:39:42","modified_gmt":"2016-12-01T09:39:42","slug":"home","status":"publish","type":"page","link":"https:\/\/trlegal.me\/me\/","title":{"rendered":"Advokatska kancelarija Tripkovi\u0107 &#038; Rai\u010devi\u0107"},"content":{"rendered":"","protected":false},"excerpt":{"rendered":"","protected":false},"author":1,"featured_media":0,"parent":0,"menu_order":0,"comment_status":"open","ping_status":"open","template":"","meta":{"footnotes":""},"class_list":["post-2475","page","type-page","status-publish","hentry"],"jetpack_sharing_enabled":true,"_links":{"self":[{"href":"https:\/\/trlegal.me\/me\/wp-json\/wp\/v2\/pages\/2475","targetHints":{"allow":["GET"]}}],"collection":[{"href":"https:\/\/trlegal.me\/me\/wp-json\/wp\/v2\/pages"}],"about":[{"href":"https:\/\/trlegal.me\/me\/wp-json\/wp\/v2\/types\/page"}],"author":[{"embeddable":true,"href":"https:\/\/trlegal.me\/me\/wp-json\/wp\/v2\/users\/1"}],"replies":[{"embeddable":true,"href":"https:\/\/trlegal.me\/me\/wp-json\/wp\/v2\/comments?post=2475"}],"version-history":[{"count":3,"href":"https:\/\/trlegal.me\/me\/wp-json\/wp\/v2\/pages\/2475\/revisions"}],"predecessor-version":[{"id":2511,"href":"https:\/\/trlegal.me\/me\/wp-json\/wp\/v2\/pages\/2475\/revisions\/2511"}],"wp:attachment":[{"href":"https:\/\/trlegal.me\/me\/wp-json\/wp\/v2\/media?parent=2475"}],"curies":[{"name":"wp","href":"https:\/\/api.w.org\/{rel}","templated":true}]}}